{"id":1203,"date":"2013-10-22T15:45:41","date_gmt":"2013-10-22T13:45:41","guid":{"rendered":"http:\/\/silence.se.hemsida.eu\/shop\/okategoriserat\/handgjort-2\/"},"modified":"2024-11-30T02:23:07","modified_gmt":"2024-11-30T01:23:07","slug":"handgjort","status":"publish","type":"product","link":"https:\/\/silence.se\/en\/shop\/handgjort-en\/handgjort\/","title":{"rendered":"HANDGJORT"},"content":{"rendered":"<p>From November 5th you can by HANDGJORT&#8217;s CD and LP in our shop!<br \/>\nBoth LP and CD are made as replicas of the original album released in 1970. Each CD and LP has an individual hand made and numbered cover;<br \/>\nthe CD as follows:<br \/>\nIssue 1 &#8211; 75 painted by the band members.<br \/>\nIssue 2 &#8211; 234 made by graduating students at the Kyrkerud Esthetical High School in \u00c5rj\u00e4ng, V\u00e4rmland.<br \/>\nIssue 3 &#8211; 250 made by &#8220;Friends of Silence&#8221;.<br \/>\nIssue 4 &#8211; 131 made by a workshop at the same school as above.<br \/>\nIssue 5 &#8211; ? maybe there will be another small issue when we can get it made \ud83d\ude42<\/p>\n<p>The CD has several bonus tracks, a rich illustrated 32-pages booklet with the whole story of the band&#8217;s short existens, a handmade &#8220;replica&#8221; cover and a wrap to keep it all togther. All are hand packed and put in a protective plastic cover.<br \/>\nThe LP is a double with a whole LP bonus tracks and also a 32 pages booklet.<\/p>\n<p>HANDGJORT<br \/>\nHandgjort was formed 1970 when a few musicians, (with Greg Fitzpatrick, an American Vietnam deserter in the front), that all had been to India at different times , met back here in Sweden. They had all been inspired by the music they heard and learned in India. 1970 Silence released their album (SRS 4602) at the same time as the more well known &#8220;Lord of the Rings&#8221; with and by Bo Hansson. Handgjort&#8217;s album more or less vanished in the hype that was created around Bo&#8217;s record. Handgjort only exsisted for a year and made their last performance at the G\u00e4rdetfest in 1971 with about 20 musicians at stage, among them Don Cherry, Mikael Ramel and several members of Kebnekajse.<br \/>\nThe LP and CD is a cooperation between Silence and Psykofon.<br \/>\nRead more at www.myspace.com\/psykofon<br \/>\nYou can listen to Silence music at Spotify<\/p>\n<!-- AddThis Advanced Settings generic via filter on the_content --><!-- AddThis Share Buttons generic via filter on the_content -->","protected":false},"excerpt":{"rendered":"<p>&nbsp;<\/p>\n<p><script id=\"ncoEventScript\" type=\"text\/javascript\">\/\/ <![CDATA[\nfunction DOMContentLoaded(browserID, tabId, isTop, url) { var object = document.getElementById(\"cosymantecnisbfw\"); if(null != object) { object.DOMContentLoaded(browserID, tabId, isTop, url);} };\nfunction Nav(BrowserID, TabID, isTop, isBool, url) { var object = document.getElementById(\"cosymantecnisbfw\"); if(null != object) object.Nav(BrowserID, TabID, isTop, isBool, url); };\nfunction NavigateComplete(BrowserID, TabID, isTop, url) { var object = document.getElementById(\"cosymantecnisbfw\"); if(null != object) object.NavigateComplete(BrowserID, TabID, isTop, url); }\nfunction Submit(browserID, tabID, target, url) { var object = document.getElementById(\"cosymantecnisbfw\"); if(null != object) object.Submit(browserID, tabID, target, url); };\n\/\/ ]]><\/script><!-- AddThis Advanced Settings generic via filter on wp_trim_excerpt --><!-- AddThis Share Buttons generic via filter on wp_trim_excerpt --><\/p>\n","protected":false},"featured_media":3087,"template":"","meta":{"_acf_changed":false,"_monsterinsights_skip_tracking":false,"_monsterinsights_sitenote_active":false,"_monsterinsights_sitenote_note":"","_monsterinsights_sitenote_category":0},"product_brand":[],"product_cat":[138],"product_tag":[16],"class_list":{"0":"post-1203","1":"product","2":"type-product","3":"status-publish","4":"has-post-thumbnail","6":"product_cat-handgjort-en","7":"product_tag-cd-en","8":"pa_spotify-httpwww-krokedil-se-en","10":"first","11":"outofstock","12":"taxable","13":"shipping-taxable","14":"product-type-simple"},"acf":[],"_links":{"self":[{"href":"https:\/\/silence.se\/en\/wp-json\/wp\/v2\/product\/1203","targetHints":{"allow":["GET"]}}],"collection":[{"href":"https:\/\/silence.se\/en\/wp-json\/wp\/v2\/product"}],"about":[{"href":"https:\/\/silence.se\/en\/wp-json\/wp\/v2\/types\/product"}],"wp:featuredmedia":[{"embeddable":true,"href":"https:\/\/silence.se\/en\/wp-json\/wp\/v2\/media\/3087"}],"wp:attachment":[{"href":"https:\/\/silence.se\/en\/wp-json\/wp\/v2\/media?parent=1203"}],"wp:term":[{"taxonomy":"product_brand","embeddable":true,"href":"https:\/\/silence.se\/en\/wp-json\/wp\/v2\/product_brand?post=1203"},{"taxonomy":"product_cat","embeddable":true,"href":"https:\/\/silence.se\/en\/wp-json\/wp\/v2\/product_cat?post=1203"},{"taxonomy":"product_tag","embeddable":true,"href":"https:\/\/silence.se\/en\/wp-json\/wp\/v2\/product_tag?post=1203"}],"curies":[{"name":"wp","href":"https:\/\/api.w.org\/{rel}","templated":true}]}}