{"id":1175,"date":"2013-10-22T15:11:55","date_gmt":"2013-10-22T13:11:55","guid":{"rendered":"http:\/\/silence.se.hemsida.eu\/shop\/okategoriserat\/jag-sov-pa-en-vag-2\/"},"modified":"2013-12-06T18:41:07","modified_gmt":"2013-12-06T17:41:07","slug":"jag-sov-pa-en-vag","status":"publish","type":"product","link":"https:\/\/silence.se\/en\/shop\/fint-tillsammans-en\/jag-sov-pa-en-vag\/","title":{"rendered":"Jag sov p\u00e5 en v\u00e5g"},"content":{"rendered":"<p>1. Jag sov p\u00e5 en v\u00e5g<br \/>\n2. M\u00f6tet med flygfolket<\/p>\n<p>Released 1999<\/p>\n<!-- AddThis Advanced Settings generic via filter on the_content --><!-- AddThis Share Buttons generic via filter on the_content -->","protected":false},"excerpt":{"rendered":"<p>1. Jag sov p\u00e5 en v\u00e5g 2. M\u00f6tet med flygfolket Released 1999<!-- AddThis Advanced Settings generic via filter on wp_trim_excerpt --><!-- AddThis Share Buttons generic via filter on wp_trim_excerpt --><\/p>\n","protected":false},"featured_media":1231,"template":"","meta":{"_acf_changed":false,"_monsterinsights_skip_tracking":false,"_monsterinsights_sitenote_active":false,"_monsterinsights_sitenote_note":"","_monsterinsights_sitenote_category":0},"product_brand":[],"product_cat":[121],"product_tag":[58],"class_list":{"0":"post-1175","1":"product","2":"type-product","3":"status-publish","4":"has-post-thumbnail","6":"product_cat-fint-tillsammans-en","7":"product_tag-cd-single","9":"first","10":"outofstock","11":"taxable","12":"shipping-taxable","13":"product-type-simple"},"acf":[],"_links":{"self":[{"href":"https:\/\/silence.se\/en\/wp-json\/wp\/v2\/product\/1175","targetHints":{"allow":["GET"]}}],"collection":[{"href":"https:\/\/silence.se\/en\/wp-json\/wp\/v2\/product"}],"about":[{"href":"https:\/\/silence.se\/en\/wp-json\/wp\/v2\/types\/product"}],"wp:featuredmedia":[{"embeddable":true,"href":"https:\/\/silence.se\/en\/wp-json\/wp\/v2\/media\/1231"}],"wp:attachment":[{"href":"https:\/\/silence.se\/en\/wp-json\/wp\/v2\/media?parent=1175"}],"wp:term":[{"taxonomy":"product_brand","embeddable":true,"href":"https:\/\/silence.se\/en\/wp-json\/wp\/v2\/product_brand?post=1175"},{"taxonomy":"product_cat","embeddable":true,"href":"https:\/\/silence.se\/en\/wp-json\/wp\/v2\/product_cat?post=1175"},{"taxonomy":"product_tag","embeddable":true,"href":"https:\/\/silence.se\/en\/wp-json\/wp\/v2\/product_tag?post=1175"}],"curies":[{"name":"wp","href":"https:\/\/api.w.org\/{rel}","templated":true}]}}