{"id":1131,"date":"2013-10-22T14:02:02","date_gmt":"2013-10-22T12:02:02","guid":{"rendered":"http:\/\/silence.se.hemsida.eu\/shop\/okategoriserat\/varfor-bad-du-mig-forsta-nar-du-ljog-for-mig-anda-2\/"},"modified":"2013-12-06T18:41:46","modified_gmt":"2013-12-06T17:41:46","slug":"varfor-bad-du-mig-forsta-nar-du-ljog-for-mig-anda","status":"publish","type":"product","link":"https:\/\/silence.se\/en\/shop\/fint-tillsammans-en\/varfor-bad-du-mig-forsta-nar-du-ljog-for-mig-anda\/","title":{"rendered":"Varf\u00f6r bad du mig f\u00f6rst\u00e5 n\u00e4r du lj\u00f6g f\u00f6r mig \u00e4nd\u00e5"},"content":{"rendered":"<p>01. Varf\u00f6r bad du mig f\u00f6rst\u00e5 n\u00e4r du lj\u00f6g f\u00f6r mig \u00e4nd\u00e5<br \/>\n02. Det g\u00f6r inget<br \/>\n03. Filmen brinner<br \/>\n04. Staden<br \/>\n05. Ljust fr\u00e5n ditt f\u00f6nster, jag \u00e4r tr\u00f6tt, det \u00e4r natt<br \/>\n06.<br \/>\n07. Igen &#038; igen<\/p>\n<p>&#8220;Three pair of dog eyes are starring into your ear now that &#8220;Why did you ask me to understand when your were lying all the same?&#8221; finaly is for real. Fint Tillsammans (Fine Together) are wallowing in self-pity while giving you a nicely onedimensional picture of the state of the matters on this second cram-full single from the forthcoming cram-full album. The band is massaging their smarting bellies after this and other splashing water jumps and are already looking forward to future ones. It is the thought that counts anyhow and if you don&#8217;t have any imagination Fint Tillsammans is probably not for you.<br \/>\nAs usual a super limitied issue super hard to get you hands on.&#8221;<\/p>\n<p>We&#8217;ve only made 300 copies of this single too and they are numbered by hand. The single is over 20 minutes long and holds 7 tracks. An album is on its way in the spring and will hold the first track &#8220;Varf\u00f6r bad du mig f\u00f6rst\u00e5 n\u00e4r du lj\u00f6g f\u00f6r mig \u00e4nd\u00e5&#8221; and the rest of the material is unique for this issue.<\/p>\n<!-- AddThis Advanced Settings generic via filter on the_content --><!-- AddThis Share Buttons generic via filter on the_content -->","protected":false},"excerpt":{"rendered":"<p>01. Varf\u00f6r bad du mig f\u00f6rst\u00e5 n\u00e4r du lj\u00f6g f\u00f6r mig \u00e4nd\u00e5 02. Det g\u00f6r inget 03. Filmen brinner 04. Staden 05. Ljust fr\u00e5n ditt f\u00f6nster, jag \u00e4r tr\u00f6tt, det \u00e4r natt 06. 07. Igen &#038; igen &#8220;Three pair of&#8230; <span class=\"readmore\"><a href=\"https:\/\/silence.se\/en\/shop\/fint-tillsammans-en\/varfor-bad-du-mig-forsta-nar-du-ljog-for-mig-anda\/\">Read more<\/a><\/span><!-- AddThis Advanced Settings generic via filter on wp_trim_excerpt --><!-- AddThis Share Buttons generic via filter on wp_trim_excerpt --><\/p>\n","protected":false},"featured_media":1281,"template":"","meta":{"_acf_changed":false,"_monsterinsights_skip_tracking":false,"_monsterinsights_sitenote_active":false,"_monsterinsights_sitenote_note":"","_monsterinsights_sitenote_category":0},"product_brand":[],"product_cat":[121],"product_tag":[58],"class_list":{"0":"post-1131","1":"product","2":"type-product","3":"status-publish","4":"has-post-thumbnail","6":"product_cat-fint-tillsammans-en","7":"product_tag-cd-single","9":"first","10":"outofstock","11":"taxable","12":"shipping-taxable","13":"product-type-simple"},"acf":[],"_links":{"self":[{"href":"https:\/\/silence.se\/en\/wp-json\/wp\/v2\/product\/1131","targetHints":{"allow":["GET"]}}],"collection":[{"href":"https:\/\/silence.se\/en\/wp-json\/wp\/v2\/product"}],"about":[{"href":"https:\/\/silence.se\/en\/wp-json\/wp\/v2\/types\/product"}],"wp:featuredmedia":[{"embeddable":true,"href":"https:\/\/silence.se\/en\/wp-json\/wp\/v2\/media\/1281"}],"wp:attachment":[{"href":"https:\/\/silence.se\/en\/wp-json\/wp\/v2\/media?parent=1131"}],"wp:term":[{"taxonomy":"product_brand","embeddable":true,"href":"https:\/\/silence.se\/en\/wp-json\/wp\/v2\/product_brand?post=1131"},{"taxonomy":"product_cat","embeddable":true,"href":"https:\/\/silence.se\/en\/wp-json\/wp\/v2\/product_cat?post=1131"},{"taxonomy":"product_tag","embeddable":true,"href":"https:\/\/silence.se\/en\/wp-json\/wp\/v2\/product_tag?post=1131"}],"curies":[{"name":"wp","href":"https:\/\/api.w.org\/{rel}","templated":true}]}}