{"id":2556,"date":"2013-11-28T17:26:02","date_gmt":"2013-11-28T16:26:02","guid":{"rendered":"https:\/\/silence.se\/artists\/algarnas-tradgard\/"},"modified":"2013-11-28T18:06:34","modified_gmt":"2013-11-28T17:06:34","slug":"algarnas-tradgard","status":"publish","type":"page","link":"https:\/\/silence.se\/en\/artists\/algarnas-tradgard\/","title":{"rendered":"\u00c4lgarnas Tr\u00e4dg\u00e5rd\/Garden of the elks"},"content":{"rendered":"<p>RF and myself have known eachother since 1968, when we met in our neighborhood V\u00e4stra Fr\u00f6lunda, Gothenburg.<br \/>\nWe listened to everything; Perotinus&#8217; heavenly choirs from the 13th century, Messien\u2019s heavy works for orchestra, Beefheart\u2019s \u201dSafe as Milk\u201d, with the great delays, King Crimson\u2019s endless string of chords, the beautiful acoustic Third Ear Band, Terry Riley\u2019s minimalism and above all the psychedelic music of early Pink Floyd. <\/p>\n<p>Sometimes we played our \u201ddagga-dang-music\u201d, crazy rhythmical plays with acoustic guitars and hysterical giggles.<br \/>\nSometimes we just sat and listened to the sounds slowly disapearing into space.<br \/>\nSometimes we went into town and went to the Cue Club oct Avenue 18. On the forth floor we had made us a club which became a hangout for all serious nutheads in town. It was there we met Andreas and Dennis. At Burg\u00e5rden\u2019s Highschool RF met Mikael, who played with Sebastian and how everything came about, we started to play together all of us. We used to sit in RF\u2019s flat in Masthugget with guitars, violins, sitars and tablas and improvised.<\/p>\n<p>Our first public concert was held around X-mas 1969 at Hagahuset in Gothenburg. At that time we called ourselves \u201dInnerst Inne\u201d (Inside within). Mikael\u2019s, then 9 years old sister, red from \u201dThe artificial Paradise\u201d by Baudelaire.<br \/>\nDuring the spring of 1970 we got ourselves a rehearsal room in Haga and could be sitting for hours and play simple repetitive melodies. \u201dTwo hours over two blue mountains with a coo coo bird on each side, of the hours\u2026.that is\u201d.  It was a collective creating that I think is unique. We listened to each other and just played with tones. We did not call ourselves musicians, we created music out of feelings. We experimented by getting strange sounds out of our instruments, started to use amplifiers and played around with echoes. We went so far we even drank tea with echo effects.<\/p>\n<p>RF had built a couple of tone generators, painted in a psychedelic way. We constantly expanded our possibilities to get new sounds, with organs, mouthharps and pedals. At that btime Dennis played the drums with the band \u201dAll these blues\u201d and was, in our opinion, really cruel at it. He wanted to be a member of \u00c4lgarnas Tr\u00e4dg\u00e5rd and the band was finally getting its shape. From the fall of 1970 and to the G\u00e4rdetsfest 1971, we did a number of concerts an the basement of Hagahuset, which was decorated with mural paintings by RF. These concerts were kind of musical installations, where the tones got their inspiration from paintings by Hieronymus Bosch. We were ridiculously interested in the pictures from early renessance, the more m.adonnas the better. Sebastian and I went down to Br\u00fcgge and played monks. I wrote long poems about \u201dthe middleage galaxy\u201d. Jeezus, were we young and poetic!<\/p>\n<p>And that is why we came to the G\u00e4rdetsfest in Stockholm 1971 to play, dressed in middleage clothes, unbeleivingly long hair and our heads turned towards new worlds. We discovered that in Stockholm there were a lot of other bands trying to explore and develop new kinds of music, in deed there was a movement going on.<br \/>\nAnd that was not all. Silence wanted to release a record with us! This was really cool! Imagine a bunch of experimental 16-20 years old kids who are about to make a records \u2013 in a real studio. Now we wanted to do our \u201dSgt Pepper\u201d. After all these years you can clearly hear that we wanted to try everything. We got our hands on the first Moog modulesystem that just about had reached Sweden. We mixed middleage intsruments as zinks and rebecs, soundeffects, chirchbells, fragments of both Bach and Beatles and inprovised our way through the first album. We can add to the story that we lived and slept in the studio and Torbj\u00f6rn who was engineering worked around the clock. \u201dThe future is a hovering ship anchored in the past\u201d  as the record was named, was nominated for a Grammy award. On thing though was a pity, we did not sound like that at all when playing live. ( A little consolation is that on the reissue released in 1995 there is two bonustracks from live performances).<\/p>\n<p>The following two years we went touring on a lot of festivals and also made to school tours payed by the goverments cultural department. We played at all sorts of places, from dark dungeons to museums and castles. The band was now expanded with a light show, handles by \u201dThe Spotlight Kids\u201d. We also had our own bus. Now we really had a live circus worth its name. Of course we also developed a certain skill on our instruments, so when the time came to record a second album, the music was more structured, heavier and more electric. The political climat was hardening and the polarisation between us and some of the political wings made us bad treated by some of the organisations and clubs that were supposed to support progressive and anti commercial music. They thought our purpose, \u201dto broaden the experience of the audience\u201dwas not enough to get entrance o their club. We got a lot of harsch words on the town. \u201dSome people are prepared to trade their common sense<br \/>\nfor 5 sorts of sandwiches\u201d, as RF put it. We searched for a house in the country where we could have a giant artists community. We dreamt of a circus.<\/p>\n<p>During the recordings of the second album the band started to fall apart, musically and socially. I became a dad in 1973 and wanted to stay at home with my family, Dennis developed an interest for Indian religion and meditation, Andreas wanted to develop the acoustic side of the music. It was just natural that there would be a collision; one side wanted to tour and play rock and the other side wanted to take steps further into the minimalistic borderlines of music. \u201dI think we can take the tape loop from the end of \u201dMin barndoms trod\u201d and put it on the whole A-side of the album\u201d was my opinion then. So when we had finished recording we decided to dissolve the band. The result of that was that the record was never released.<br \/>\nRF and Sebastian moved to Stockholm and started to play with \u201dFl\u00e4sket Brinner\u201d (The flesh is burning). Dennis played in the jazzgroup \u201dMwendo Dawa\u201d. Me, Andreas and Mikael made some concerts in 1975-76 under the name of \u00c4lgarnas Tr\u00e4dg\u00e5rd. Then I moved to the island \u00d6land and the elks were history.<\/p>\n<p>When \u201dThe furure\u2026\u201d was to be reissued on CD in 1995, the thought was awakened to finish the second unfinished record. Ofter some dicussions to and fro RF and I went to Silence Studio in Koppom in May 2001 and together with Anders Lind we finally mixed the record. Here it is \u2013 27 years delayed.<\/p>\n<p>P.S \u2013 RF\u2019s real name is Jan Ternald.<\/p>\n<p>From my point of view<br \/>\nOctober 2001-11-01<br \/>\nDan S\u00f6derqvist (former guitarist in \u00c4lgarnas Tr\u00e4dg\u00e5rd)<\/p>\n<p>Fact<\/p>\n<p>\u00c4lgarnas Tr\u00e4dg\u00e5rd (Garden of the elks) 1969 \u2013 1976<\/p>\n<p>Members and main instruments (1974)<br \/>\nAndreas Brandt: violin<br \/>\nMikael Johansson: bass<br \/>\nDennis Lundh: drums<br \/>\nDan S\u00f6derqvist: guitar<br \/>\nJan Ternald: keyboards<br \/>\nSebastian \u00d6berg: Cello<\/p>\n<p>Where are they now?<\/p>\n<p>Andreas is a musician in \u201dHoffmans\u201d and different theatre projects.<br \/>\nMikael is a musical teacher and musician in \u201dDe vandrande kvinterna\u201d.<br \/>\nDennis died in cancer 1980.<br \/>\nDan is a musician and composer in Twice A Man.<br \/>\nJan travelled a couple of rounds around the world and is now working with 3D graphics.<br \/>\nSebastian is a musician and composer in Flesh Quartet.<\/p>\n<p>Other members:<br \/>\nUlf M\u00e5rtensson; drums spring 1971<br \/>\nChrister \u00d6hman: drums, guitar and vocals now and then 1973-74<br \/>\nKjell Karlgren: saxophone 1976<br \/>\nSverre G\u00f6tberg: drums 1976<br \/>\nThe Spotlight Kids: BP (Bj\u00f6rn Persson), Kenneth Gidzinky, Bernt Skovdal.<\/p>\n<p>Discoaphy:<br \/>\nLP 1972 : The furure is a hovering ship anchored in the past<br \/>\nLP 1974 : recordings of the unfinished album.<br \/>\nCD 1995: The future is a hovering ship anchored in the past \u2013 reissue including to live bonus tracks from 1972.<br \/>\nCD 2001 : Delayed \u2013 the unfinished album now finally released.<\/p>\n<!-- AddThis Advanced Settings generic via filter on the_content --><!-- AddThis Share Buttons generic via filter on the_content -->","protected":false},"excerpt":{"rendered":"<p>RF and myself have known eachother since 1968, when we met in our neighborhood V\u00e4stra Fr\u00f6lunda, Gothenburg. We listened to everything; Perotinus&#8217; heavenly choirs from the 13th century, Messien\u2019s heavy works for orchestra, Beefheart\u2019s \u201dSafe as Milk\u201d, with the great&#8230; <span class=\"readmore\"><a href=\"https:\/\/silence.se\/en\/artists\/algarnas-tradgard\/\">Read more<\/a><\/span><!-- AddThis Advanced Settings generic via filter on wp_trim_excerpt --><!-- AddThis Share Buttons generic via filter on wp_trim_excerpt --><\/p>\n","protected":false},"author":5,"featured_media":0,"parent":1045,"menu_order":0,"comment_status":"closed","ping_status":"closed","template":"","meta":{"_acf_changed":false,"_monsterinsights_skip_tracking":false,"_monsterinsights_sitenote_active":false,"_monsterinsights_sitenote_note":"","_monsterinsights_sitenote_category":0,"footnotes":""},"class_list":["post-2556","page","type-page","status-publish","hentry"],"acf":[],"_links":{"self":[{"href":"https:\/\/silence.se\/en\/wp-json\/wp\/v2\/pages\/2556","targetHints":{"allow":["GET"]}}],"collection":[{"href":"https:\/\/silence.se\/en\/wp-json\/wp\/v2\/pages"}],"about":[{"href":"https:\/\/silence.se\/en\/wp-json\/wp\/v2\/types\/page"}],"author":[{"embeddable":true,"href":"https:\/\/silence.se\/en\/wp-json\/wp\/v2\/users\/5"}],"replies":[{"embeddable":true,"href":"https:\/\/silence.se\/en\/wp-json\/wp\/v2\/comments?post=2556"}],"version-history":[{"count":0,"href":"https:\/\/silence.se\/en\/wp-json\/wp\/v2\/pages\/2556\/revisions"}],"up":[{"embeddable":true,"href":"https:\/\/silence.se\/en\/wp-json\/wp\/v2\/pages\/1045"}],"wp:attachment":[{"href":"https:\/\/silence.se\/en\/wp-json\/wp\/v2\/media?parent=2556"}],"curies":[{"name":"wp","href":"https:\/\/api.w.org\/{rel}","templated":true}]}}